{"id":1380,"date":"2019-03-14T10:58:23","date_gmt":"2019-03-14T07:58:23","guid":{"rendered":"http:\/\/dct.com.tr\/parlak-cubuk-ve-kangal\/"},"modified":"2019-08-11T23:57:14","modified_gmt":"2019-08-11T20:57:14","slug":"bright-bar-and-coil","status":"publish","type":"page","link":"https:\/\/www.dct.com.tr\/en\/bright-bar-and-coil\/","title":{"rendered":"BRIGHT BAR AND COIL"},"content":{"rendered":"<div class=\"fusion-fullwidth fullwidth-box fusion-builder-row-1 fusion-parallax-none nonhundred-percent-fullwidth non-hundred-percent-height-scrolling lazyload\" style=\"--awb-border-radius-top-left:0px;--awb-border-radius-top-right:0px;--awb-border-radius-bottom-right:0px;--awb-border-radius-bottom-left:0px;--awb-background-size:cover;--awb-flex-wrap:wrap;\" data-bg=\"http:\/\/dct.com.tr\/wp-content\/uploads\/2019\/05\/hakkimizda-back-6.jpg\" ><div class=\"fusion-builder-row fusion-row\"><div class=\"fusion-layout-column fusion_builder_column fusion-builder-column-0 fusion_builder_column_1_1 1_1 fusion-one-full fusion-column-first fusion-column-last\" style=\"--awb-bg-size:cover;\"><div class=\"fusion-column-wrapper fusion-column-has-shadow fusion-flex-column-wrapper-legacy\"><div class=\"fusion-sep-clear\"><\/div><div class=\"fusion-separator fusion-full-width-sep\" style=\"margin-left: auto;margin-right: auto;margin-top:10px;margin-bottom:10px;width:100%;\"><\/div><div class=\"fusion-sep-clear\"><\/div><div class=\"fusion-clearfix\"><\/div><\/div><\/div><div class=\"fusion-layout-column fusion_builder_column fusion-builder-column-1 fusion_builder_column_1_5 1_5 fusion-one-fifth fusion-column-first\" style=\"--awb-bg-size:cover;width:20%;width:calc(20% - ( ( 4% + 4% ) * 0.2 ) );margin-right: 4%;\"><div class=\"fusion-column-wrapper fusion-column-has-shadow fusion-flex-column-wrapper-legacy\"><div class=\"fusion-widget-area awb-widget-area-element fusion-widget-area-1 fusion-content-widget-area\" style=\"--awb-title-color:#1f4397;--awb-padding:0px 0px 0px 0px;\"><style type=\"text\/css\" data-id=\"avada-vertical-menu-widget-4\">#avada-vertical-menu-widget-4 > ul.menu { margin-top: -8px; }<\/style><section id=\"avada-vertical-menu-widget-4\" class=\"fusion-slidingbar-widget-column widget avada_vertical_menu\"><style>#fusion-vertical-menu-widget-avada-vertical-menu-widget-4-nav ul.menu li a {font-size:14px;}<\/style><nav id=\"fusion-vertical-menu-widget-avada-vertical-menu-widget-4-nav\" class=\"fusion-vertical-menu-widget fusion-menu hover left no-border\" aria-label=\"Secondary Navigation: \"><ul id=\"menu-products\" class=\"menu\"><li id=\"menu-item-1393\" class=\"menu-item menu-item-type-post_type menu-item-object-page menu-item-1393\"><a href=\"https:\/\/www.dct.com.tr\/en\/flat-wire\/\"><span class=\"link-text\"> FLAT WIRE<\/span><span class=\"arrow\"><\/span><\/a><\/li><li id=\"menu-item-1394\" class=\"menu-item menu-item-type-post_type menu-item-object-page menu-item-1394\"><a href=\"https:\/\/www.dct.com.tr\/en\/bright-bar-and-coil\/\"><span class=\"link-text\"> BRIGHT BAR AND COIL<\/span><span class=\"arrow\"><\/span><\/a><\/li><li id=\"menu-item-1395\" class=\"menu-item menu-item-type-post_type menu-item-object-page menu-item-1395\"><a href=\"https:\/\/www.dct.com.tr\/en\/shaped-wire\/\"><span class=\"link-text\"> SHAPED WIRE<\/span><span class=\"arrow\"><\/span><\/a><\/li><\/ul><\/nav><div style=\"clear:both;\"><\/div><\/section><div class=\"fusion-additional-widget-content\"><\/div><\/div><div class=\"fusion-clearfix\"><\/div><\/div><\/div><div class=\"fusion-layout-column fusion_builder_column fusion-builder-column-2 fusion_builder_column_3_5 3_5 fusion-three-fifth\" style=\"--awb-bg-size:cover;width:60%;width:calc(60% - ( ( 4% + 4% ) * 0.6 ) );margin-right: 4%;\"><div class=\"fusion-column-wrapper fusion-column-has-shadow fusion-flex-column-wrapper-legacy\"><div class=\"fusion-title title fusion-title-1 fusion-sep-none fusion-title-text fusion-title-size-three\"><h3 class=\"fusion-title-heading title-heading-left fusion-responsive-typography-calculated\" style=\"margin:0;--fontSize:30;line-height:1.5;\"><h4>Bright Bar<\/h4><\/h3><\/div><div class=\"fusion-text fusion-text-1\"><p><strong>Diameter: 1,20 mm to 12,00mm<\/strong><br \/>\n<strong>Diameter Tolerance: -\/+ 0,01 mm<\/strong><br \/>\n<strong>Length Tolerance: -\/+ 1 mm<\/strong><br \/>\n<strong>Cold drawn and straightened as in normal hardness value and annealed.<\/strong><br \/>\n<strong>Material: Low carbon steel<\/strong><\/p>\n<\/div><div class=\"fusion-clearfix\"><\/div><\/div><\/div><div class=\"fusion-layout-column fusion_builder_column fusion-builder-column-3 fusion_builder_column_1_5 1_5 fusion-one-fifth fusion-column-last\" style=\"--awb-bg-size:cover;width:20%;width:calc(20% - ( ( 4% + 4% ) * 0.2 ) );\"><div class=\"fusion-column-wrapper fusion-column-has-shadow fusion-flex-column-wrapper-legacy\"><div class=\"fusion-image-element in-legacy-container\" style=\"--awb-caption-title-font-family:var(--h2_typography-font-family);--awb-caption-title-font-weight:var(--h2_typography-font-weight);--awb-caption-title-font-style:var(--h2_typography-font-style);--awb-caption-title-size:var(--h2_typography-font-size);--awb-caption-title-transform:var(--h2_typography-text-transform);--awb-caption-title-line-height:var(--h2_typography-line-height);--awb-caption-title-letter-spacing:var(--h2_typography-letter-spacing);\"><span class=\" fusion-imageframe imageframe-none imageframe-1 hover-type-none\"><img decoding=\"async\" width=\"300\" height=\"250\" alt=\"So\u011fuk \u00c7ekme lama\" title=\"hakkimizda-10-300&#215;250\" src=\"data:image\/svg+xml,%3Csvg%20xmlns%3D%27http%3A%2F%2Fwww.w3.org%2F2000%2Fsvg%27%20width%3D%27300%27%20height%3D%27250%27%20viewBox%3D%270%200%20300%20250%27%3E%3Crect%20width%3D%27300%27%20height%3D%27250%27%20fill-opacity%3D%220%22%2F%3E%3C%2Fsvg%3E\" data-orig-src=\"http:\/\/dct.com.tr\/wp-content\/uploads\/2019\/05\/hakkimizda-10-300x250.jpg\" class=\"lazyload img-responsive wp-image-1324\"\/><\/span><\/div><div class=\"fusion-clearfix\"><\/div><\/div><\/div><div class=\"fusion-layout-column fusion_builder_column fusion-builder-column-4 fusion_builder_column_1_1 1_1 fusion-one-full fusion-column-first fusion-column-last\" style=\"--awb-bg-size:cover;\"><div class=\"fusion-column-wrapper fusion-column-has-shadow fusion-flex-column-wrapper-legacy\"><div class=\"fusion-sep-clear\"><\/div><div class=\"fusion-separator fusion-full-width-sep\" style=\"margin-left: auto;margin-right: auto;margin-top:10px;margin-bottom:10px;width:100%;\"><\/div><div class=\"fusion-sep-clear\"><\/div><div class=\"fusion-clearfix\"><\/div><\/div><\/div><div class=\"fusion-layout-column fusion_builder_column fusion-builder-column-5 fusion_builder_column_1_5 1_5 fusion-one-fifth fusion-column-first\" style=\"--awb-bg-size:cover;width:20%;width:calc(20% - ( ( 4% + 4% ) * 0.2 ) );margin-right: 4%;\"><div class=\"fusion-column-wrapper fusion-column-has-shadow fusion-flex-column-wrapper-legacy\"><div class=\"fusion-clearfix\"><\/div><\/div><\/div><div class=\"fusion-layout-column fusion_builder_column fusion-builder-column-6 fusion_builder_column_3_5 3_5 fusion-three-fifth\" style=\"--awb-bg-size:cover;width:60%;width:calc(60% - ( ( 4% + 4% ) * 0.6 ) );margin-right: 4%;\"><div class=\"fusion-column-wrapper fusion-column-has-shadow fusion-flex-column-wrapper-legacy\"><div class=\"fusion-title title fusion-title-2 fusion-sep-none fusion-title-text fusion-title-size-three\"><h3 class=\"fusion-title-heading title-heading-left fusion-responsive-typography-calculated\" style=\"margin:0;--fontSize:30;line-height:1.5;\"><h4>Bright Coil<\/h4><\/h3><\/div><div class=\"fusion-text fusion-text-2\"><p><strong>Diameter: 1,20 mm to 12,00 mm<\/strong><br \/>\n<strong>Diameter Tolerance: -\/+ 0,01 mm<\/strong><br \/>\n<strong>Cold drawn as in normal hardness value and annealed.<\/strong><br \/>\n<strong>Material: Low carbon steel<\/strong><\/p>\n<\/div><div class=\"fusion-clearfix\"><\/div><\/div><\/div><div class=\"fusion-layout-column fusion_builder_column fusion-builder-column-7 fusion_builder_column_1_5 1_5 fusion-one-fifth fusion-column-last\" style=\"--awb-bg-size:cover;width:20%;width:calc(20% - ( ( 4% + 4% ) * 0.2 ) );\"><div class=\"fusion-column-wrapper fusion-column-has-shadow fusion-flex-column-wrapper-legacy\"><div class=\"fusion-image-element in-legacy-container\" style=\"--awb-caption-title-font-family:var(--h2_typography-font-family);--awb-caption-title-font-weight:var(--h2_typography-font-weight);--awb-caption-title-font-style:var(--h2_typography-font-style);--awb-caption-title-size:var(--h2_typography-font-size);--awb-caption-title-transform:var(--h2_typography-text-transform);--awb-caption-title-line-height:var(--h2_typography-line-height);--awb-caption-title-letter-spacing:var(--h2_typography-letter-spacing);\"><span class=\" fusion-imageframe imageframe-none imageframe-2 hover-type-none\"><img decoding=\"async\" width=\"300\" height=\"250\" alt=\"D\u00c7T hakk\u0131nda\" title=\"hakkimizda-5-300&#215;250\" src=\"data:image\/svg+xml,%3Csvg%20xmlns%3D%27http%3A%2F%2Fwww.w3.org%2F2000%2Fsvg%27%20width%3D%27300%27%20height%3D%27250%27%20viewBox%3D%270%200%20300%20250%27%3E%3Crect%20width%3D%27300%27%20height%3D%27250%27%20fill-opacity%3D%220%22%2F%3E%3C%2Fsvg%3E\" data-orig-src=\"http:\/\/dct.com.tr\/wp-content\/uploads\/2019\/05\/hakkimizda-5-300x250.jpg\" class=\"lazyload img-responsive wp-image-1325\"\/><\/span><\/div><div class=\"fusion-clearfix\"><\/div><\/div><\/div><\/div><\/div>\n","protected":false},"excerpt":{"rendered":"","protected":false},"author":1,"featured_media":0,"parent":0,"menu_order":50,"comment_status":"closed","ping_status":"closed","template":"100-width.php","meta":{"footnotes":""},"class_list":["post-1380","page","type-page","status-publish","hentry"],"yoast_head":"<!-- This site is optimized with the Yoast SEO plugin v27.4 - https:\/\/yoast.com\/product\/yoast-seo-wordpress\/ -->\n<title>BRIGHT BAR AND COIL - D\u00c7T So\u011fuk \u00c7ekme Lama | So\u011fuk Tel \u00c7ekme<\/title>\n<meta name=\"description\" content=\"Parlak \u00c7ubuk ve Kangal tel \u00fcretimimiz m\u00fc\u015fteri istekleri do\u011frultusunda d\u00fc\u015f\u00fck karbonlu \u00e7elikile temiz ve parlak y\u00fczey \u00f6zelliklerinde \u00fcretilmektedir.\" \/>\n<meta name=\"robots\" content=\"index, follow, max-snippet:-1, max-image-preview:large, max-video-preview:-1\" \/>\n<link rel=\"canonical\" href=\"https:\/\/www.dct.com.tr\/en\/bright-bar-and-coil\/\" \/>\n<meta property=\"og:locale\" content=\"en_US\" \/>\n<meta property=\"og:type\" content=\"article\" \/>\n<meta property=\"og:title\" content=\"BRIGHT BAR AND COIL - D\u00c7T So\u011fuk \u00c7ekme Lama | So\u011fuk Tel \u00c7ekme\" \/>\n<meta property=\"og:description\" content=\"Parlak \u00c7ubuk ve Kangal tel \u00fcretimimiz m\u00fc\u015fteri istekleri do\u011frultusunda d\u00fc\u015f\u00fck karbonlu \u00e7elikile temiz ve parlak y\u00fczey \u00f6zelliklerinde \u00fcretilmektedir.\" \/>\n<meta property=\"og:url\" content=\"https:\/\/www.dct.com.tr\/en\/bright-bar-and-coil\/\" \/>\n<meta property=\"og:site_name\" content=\"D\u00c7T So\u011fuk \u00c7ekme Lama | So\u011fuk Tel \u00c7ekme\" \/>\n<meta property=\"article:modified_time\" content=\"2019-08-11T20:57:14+00:00\" \/>\n<meta name=\"twitter:card\" content=\"summary_large_image\" \/>\n<meta name=\"twitter:label1\" content=\"Est. reading time\" \/>\n\t<meta name=\"twitter:data1\" content=\"6 minutes\" \/>\n<script type=\"application\/ld+json\" class=\"yoast-schema-graph\">{\"@context\":\"https:\\\/\\\/schema.org\",\"@graph\":[{\"@type\":\"WebPage\",\"@id\":\"https:\\\/\\\/www.dct.com.tr\\\/en\\\/bright-bar-and-coil\\\/\",\"url\":\"https:\\\/\\\/www.dct.com.tr\\\/en\\\/bright-bar-and-coil\\\/\",\"name\":\"BRIGHT BAR AND COIL - D\u00c7T So\u011fuk \u00c7ekme Lama | So\u011fuk Tel \u00c7ekme\",\"isPartOf\":{\"@id\":\"https:\\\/\\\/www.dct.com.tr\\\/en\\\/#website\"},\"datePublished\":\"2019-03-14T07:58:23+00:00\",\"dateModified\":\"2019-08-11T20:57:14+00:00\",\"description\":\"Parlak \u00c7ubuk ve Kangal tel \u00fcretimimiz m\u00fc\u015fteri istekleri do\u011frultusunda d\u00fc\u015f\u00fck karbonlu \u00e7elikile temiz ve parlak y\u00fczey \u00f6zelliklerinde \u00fcretilmektedir.\",\"breadcrumb\":{\"@id\":\"https:\\\/\\\/www.dct.com.tr\\\/en\\\/bright-bar-and-coil\\\/#breadcrumb\"},\"inLanguage\":\"en-US\",\"potentialAction\":[{\"@type\":\"ReadAction\",\"target\":[\"https:\\\/\\\/www.dct.com.tr\\\/en\\\/bright-bar-and-coil\\\/\"]}]},{\"@type\":\"BreadcrumbList\",\"@id\":\"https:\\\/\\\/www.dct.com.tr\\\/en\\\/bright-bar-and-coil\\\/#breadcrumb\",\"itemListElement\":[{\"@type\":\"ListItem\",\"position\":1,\"name\":\"Ana sayfa\",\"item\":\"https:\\\/\\\/www.dct.com.tr\\\/en\\\/\"},{\"@type\":\"ListItem\",\"position\":2,\"name\":\"BRIGHT BAR AND COIL\"}]},{\"@type\":\"WebSite\",\"@id\":\"https:\\\/\\\/www.dct.com.tr\\\/en\\\/#website\",\"url\":\"https:\\\/\\\/www.dct.com.tr\\\/en\\\/\",\"name\":\"D\u00c7T So\u011fuk \u00c7ekme Lama | So\u011fuk Tel \u00c7ekme\",\"description\":\"So\u011fuk \u00c7ekme Lama | So\u011fuk Tel \u00c7ekme\",\"publisher\":{\"@id\":\"https:\\\/\\\/www.dct.com.tr\\\/en\\\/#organization\"},\"potentialAction\":[{\"@type\":\"SearchAction\",\"target\":{\"@type\":\"EntryPoint\",\"urlTemplate\":\"https:\\\/\\\/www.dct.com.tr\\\/en\\\/?s={search_term_string}\"},\"query-input\":{\"@type\":\"PropertyValueSpecification\",\"valueRequired\":true,\"valueName\":\"search_term_string\"}}],\"inLanguage\":\"en-US\"},{\"@type\":\"Organization\",\"@id\":\"https:\\\/\\\/www.dct.com.tr\\\/en\\\/#organization\",\"name\":\"D\u00c7T DEM\u0130R \u00c7EL\u0130K TEL\",\"url\":\"https:\\\/\\\/www.dct.com.tr\\\/en\\\/\",\"logo\":{\"@type\":\"ImageObject\",\"inLanguage\":\"en-US\",\"@id\":\"https:\\\/\\\/www.dct.com.tr\\\/en\\\/#\\\/schema\\\/logo\\\/image\\\/\",\"url\":\"http:\\\/\\\/dct.com.tr\\\/wp-content\\\/uploads\\\/2019\\\/05\\\/logo.png\",\"contentUrl\":\"http:\\\/\\\/dct.com.tr\\\/wp-content\\\/uploads\\\/2019\\\/05\\\/logo.png\",\"width\":170,\"height\":77,\"caption\":\"D\u00c7T DEM\u0130R \u00c7EL\u0130K TEL\"},\"image\":{\"@id\":\"https:\\\/\\\/www.dct.com.tr\\\/en\\\/#\\\/schema\\\/logo\\\/image\\\/\"}}]}<\/script>\n<!-- \/ Yoast SEO plugin. -->","yoast_head_json":{"title":"BRIGHT BAR AND COIL - D\u00c7T So\u011fuk \u00c7ekme Lama | So\u011fuk Tel \u00c7ekme","description":"Parlak \u00c7ubuk ve Kangal tel \u00fcretimimiz m\u00fc\u015fteri istekleri do\u011frultusunda d\u00fc\u015f\u00fck karbonlu \u00e7elikile temiz ve parlak y\u00fczey \u00f6zelliklerinde \u00fcretilmektedir.","robots":{"index":"index","follow":"follow","max-snippet":"max-snippet:-1","max-image-preview":"max-image-preview:large","max-video-preview":"max-video-preview:-1"},"canonical":"https:\/\/www.dct.com.tr\/en\/bright-bar-and-coil\/","og_locale":"en_US","og_type":"article","og_title":"BRIGHT BAR AND COIL - D\u00c7T So\u011fuk \u00c7ekme Lama | So\u011fuk Tel \u00c7ekme","og_description":"Parlak \u00c7ubuk ve Kangal tel \u00fcretimimiz m\u00fc\u015fteri istekleri do\u011frultusunda d\u00fc\u015f\u00fck karbonlu \u00e7elikile temiz ve parlak y\u00fczey \u00f6zelliklerinde \u00fcretilmektedir.","og_url":"https:\/\/www.dct.com.tr\/en\/bright-bar-and-coil\/","og_site_name":"D\u00c7T So\u011fuk \u00c7ekme Lama | So\u011fuk Tel \u00c7ekme","article_modified_time":"2019-08-11T20:57:14+00:00","twitter_card":"summary_large_image","twitter_misc":{"Est. reading time":"6 minutes"},"schema":{"@context":"https:\/\/schema.org","@graph":[{"@type":"WebPage","@id":"https:\/\/www.dct.com.tr\/en\/bright-bar-and-coil\/","url":"https:\/\/www.dct.com.tr\/en\/bright-bar-and-coil\/","name":"BRIGHT BAR AND COIL - D\u00c7T So\u011fuk \u00c7ekme Lama | So\u011fuk Tel \u00c7ekme","isPartOf":{"@id":"https:\/\/www.dct.com.tr\/en\/#website"},"datePublished":"2019-03-14T07:58:23+00:00","dateModified":"2019-08-11T20:57:14+00:00","description":"Parlak \u00c7ubuk ve Kangal tel \u00fcretimimiz m\u00fc\u015fteri istekleri do\u011frultusunda d\u00fc\u015f\u00fck karbonlu \u00e7elikile temiz ve parlak y\u00fczey \u00f6zelliklerinde \u00fcretilmektedir.","breadcrumb":{"@id":"https:\/\/www.dct.com.tr\/en\/bright-bar-and-coil\/#breadcrumb"},"inLanguage":"en-US","potentialAction":[{"@type":"ReadAction","target":["https:\/\/www.dct.com.tr\/en\/bright-bar-and-coil\/"]}]},{"@type":"BreadcrumbList","@id":"https:\/\/www.dct.com.tr\/en\/bright-bar-and-coil\/#breadcrumb","itemListElement":[{"@type":"ListItem","position":1,"name":"Ana sayfa","item":"https:\/\/www.dct.com.tr\/en\/"},{"@type":"ListItem","position":2,"name":"BRIGHT BAR AND COIL"}]},{"@type":"WebSite","@id":"https:\/\/www.dct.com.tr\/en\/#website","url":"https:\/\/www.dct.com.tr\/en\/","name":"D\u00c7T So\u011fuk \u00c7ekme Lama | So\u011fuk Tel \u00c7ekme","description":"So\u011fuk \u00c7ekme Lama | So\u011fuk Tel \u00c7ekme","publisher":{"@id":"https:\/\/www.dct.com.tr\/en\/#organization"},"potentialAction":[{"@type":"SearchAction","target":{"@type":"EntryPoint","urlTemplate":"https:\/\/www.dct.com.tr\/en\/?s={search_term_string}"},"query-input":{"@type":"PropertyValueSpecification","valueRequired":true,"valueName":"search_term_string"}}],"inLanguage":"en-US"},{"@type":"Organization","@id":"https:\/\/www.dct.com.tr\/en\/#organization","name":"D\u00c7T DEM\u0130R \u00c7EL\u0130K TEL","url":"https:\/\/www.dct.com.tr\/en\/","logo":{"@type":"ImageObject","inLanguage":"en-US","@id":"https:\/\/www.dct.com.tr\/en\/#\/schema\/logo\/image\/","url":"http:\/\/dct.com.tr\/wp-content\/uploads\/2019\/05\/logo.png","contentUrl":"http:\/\/dct.com.tr\/wp-content\/uploads\/2019\/05\/logo.png","width":170,"height":77,"caption":"D\u00c7T DEM\u0130R \u00c7EL\u0130K TEL"},"image":{"@id":"https:\/\/www.dct.com.tr\/en\/#\/schema\/logo\/image\/"}}]}},"_links":{"self":[{"href":"https:\/\/www.dct.com.tr\/en\/wp-json\/wp\/v2\/pages\/1380","targetHints":{"allow":["GET"]}}],"collection":[{"href":"https:\/\/www.dct.com.tr\/en\/wp-json\/wp\/v2\/pages"}],"about":[{"href":"https:\/\/www.dct.com.tr\/en\/wp-json\/wp\/v2\/types\/page"}],"author":[{"embeddable":true,"href":"https:\/\/www.dct.com.tr\/en\/wp-json\/wp\/v2\/users\/1"}],"replies":[{"embeddable":true,"href":"https:\/\/www.dct.com.tr\/en\/wp-json\/wp\/v2\/comments?post=1380"}],"version-history":[{"count":4,"href":"https:\/\/www.dct.com.tr\/en\/wp-json\/wp\/v2\/pages\/1380\/revisions"}],"predecessor-version":[{"id":1382,"href":"https:\/\/www.dct.com.tr\/en\/wp-json\/wp\/v2\/pages\/1380\/revisions\/1382"}],"wp:attachment":[{"href":"https:\/\/www.dct.com.tr\/en\/wp-json\/wp\/v2\/media?parent=1380"}],"curies":[{"name":"wp","href":"https:\/\/api.w.org\/{rel}","templated":true}]}}