{"id":1367,"date":"2019-03-14T11:01:56","date_gmt":"2019-03-14T08:01:56","guid":{"rendered":"http:\/\/dct.com.tr\/lama\/"},"modified":"2019-08-11T23:53:15","modified_gmt":"2019-08-11T20:53:15","slug":"flat-wire","status":"publish","type":"page","link":"https:\/\/www.dct.com.tr\/en\/flat-wire\/","title":{"rendered":"FLAT WIRE"},"content":{"rendered":"<div class=\"fusion-fullwidth fullwidth-box fusion-builder-row-1 fusion-parallax-none nonhundred-percent-fullwidth non-hundred-percent-height-scrolling lazyload\" style=\"--awb-border-radius-top-left:0px;--awb-border-radius-top-right:0px;--awb-border-radius-bottom-right:0px;--awb-border-radius-bottom-left:0px;--awb-padding-top:20px;--awb-background-size:cover;--awb-flex-wrap:wrap;\" data-bg=\"http:\/\/dct.com.tr\/wp-content\/uploads\/2019\/05\/hakkimizda-back-6.jpg\" ><div class=\"fusion-builder-row fusion-row\"><div class=\"fusion-layout-column fusion_builder_column fusion-builder-column-0 fusion_builder_column_1_5 1_5 fusion-one-fifth fusion-column-first\" style=\"--awb-bg-size:cover;width:20%;width:calc(20% - ( ( 4% + 4% ) * 0.2 ) );margin-right: 4%;\"><div class=\"fusion-column-wrapper fusion-column-has-shadow fusion-flex-column-wrapper-legacy\"><div class=\"fusion-widget-area awb-widget-area-element fusion-widget-area-1 fusion-content-widget-area\" style=\"--awb-title-color:#1f4397;--awb-padding:0px 0px 0px 0px;\"><style type=\"text\/css\" data-id=\"avada-vertical-menu-widget-4\">#avada-vertical-menu-widget-4 > ul.menu { margin-top: -8px; }<\/style><section id=\"avada-vertical-menu-widget-4\" class=\"fusion-slidingbar-widget-column widget avada_vertical_menu\"><style>#fusion-vertical-menu-widget-avada-vertical-menu-widget-4-nav ul.menu li a {font-size:14px;}<\/style><nav id=\"fusion-vertical-menu-widget-avada-vertical-menu-widget-4-nav\" class=\"fusion-vertical-menu-widget fusion-menu hover left no-border\" aria-label=\"Secondary Navigation: \"><ul id=\"menu-products\" class=\"menu\"><li id=\"menu-item-1393\" class=\"menu-item menu-item-type-post_type menu-item-object-page menu-item-1393\"><a href=\"https:\/\/www.dct.com.tr\/en\/flat-wire\/\"><span class=\"link-text\"> FLAT WIRE<\/span><span class=\"arrow\"><\/span><\/a><\/li><li id=\"menu-item-1394\" class=\"menu-item menu-item-type-post_type menu-item-object-page menu-item-1394\"><a href=\"https:\/\/www.dct.com.tr\/en\/bright-bar-and-coil\/\"><span class=\"link-text\"> BRIGHT BAR AND COIL<\/span><span class=\"arrow\"><\/span><\/a><\/li><li id=\"menu-item-1395\" class=\"menu-item menu-item-type-post_type menu-item-object-page menu-item-1395\"><a href=\"https:\/\/www.dct.com.tr\/en\/shaped-wire\/\"><span class=\"link-text\"> SHAPED WIRE<\/span><span class=\"arrow\"><\/span><\/a><\/li><\/ul><\/nav><div style=\"clear:both;\"><\/div><\/section><div class=\"fusion-additional-widget-content\"><\/div><\/div><div class=\"fusion-clearfix\"><\/div><\/div><\/div><div class=\"fusion-layout-column fusion_builder_column fusion-builder-column-1 fusion_builder_column_2_5 2_5 fusion-two-fifth\" style=\"--awb-bg-size:cover;width:40%;width:calc(40% - ( ( 4% + 4% ) * 0.4 ) );margin-right: 4%;\"><div class=\"fusion-column-wrapper fusion-column-has-shadow fusion-flex-column-wrapper-legacy\"><div class=\"fusion-image-element in-legacy-container\" style=\"--awb-caption-title-font-family:var(--h2_typography-font-family);--awb-caption-title-font-weight:var(--h2_typography-font-weight);--awb-caption-title-font-style:var(--h2_typography-font-style);--awb-caption-title-size:var(--h2_typography-font-size);--awb-caption-title-transform:var(--h2_typography-text-transform);--awb-caption-title-line-height:var(--h2_typography-line-height);--awb-caption-title-letter-spacing:var(--h2_typography-letter-spacing);\"><span class=\" fusion-imageframe imageframe-none imageframe-1 hover-type-none\"><img decoding=\"async\" width=\"506\" height=\"182\" title=\"dct-lama-tablo\" src=\"https:\/\/www.dct.com.tr\/wp-content\/uploads\/2019\/05\/dct-lama-tablo.png\" data-orig-src=\"http:\/\/dct.com.tr\/wp-content\/uploads\/2019\/05\/dct-lama-tablo.png\" alt class=\"lazyload img-responsive wp-image-1320\" srcset=\"data:image\/svg+xml,%3Csvg%20xmlns%3D%27http%3A%2F%2Fwww.w3.org%2F2000%2Fsvg%27%20width%3D%27506%27%20height%3D%27182%27%20viewBox%3D%270%200%20506%20182%27%3E%3Crect%20width%3D%27506%27%20height%3D%27182%27%20fill-opacity%3D%220%22%2F%3E%3C%2Fsvg%3E\" data-srcset=\"https:\/\/www.dct.com.tr\/wp-content\/uploads\/2019\/05\/dct-lama-tablo-200x72.png 200w, https:\/\/www.dct.com.tr\/wp-content\/uploads\/2019\/05\/dct-lama-tablo-400x144.png 400w, https:\/\/www.dct.com.tr\/wp-content\/uploads\/2019\/05\/dct-lama-tablo.png 506w\" data-sizes=\"auto\" data-orig-sizes=\"(max-width: 1051px) 100vw, 506px\" \/><\/span><\/div><div class=\"fusion-clearfix\"><\/div><\/div><\/div><div class=\"fusion-layout-column fusion_builder_column fusion-builder-column-2 fusion_builder_column_2_5 2_5 fusion-two-fifth fusion-column-last\" style=\"--awb-bg-size:cover;width:40%;width:calc(40% - ( ( 4% + 4% ) * 0.4 ) );\"><div class=\"fusion-column-wrapper fusion-column-has-shadow fusion-flex-column-wrapper-legacy\"><div class=\"fusion-image-element in-legacy-container\" style=\"--awb-caption-title-font-family:var(--h2_typography-font-family);--awb-caption-title-font-weight:var(--h2_typography-font-weight);--awb-caption-title-font-style:var(--h2_typography-font-style);--awb-caption-title-size:var(--h2_typography-font-size);--awb-caption-title-transform:var(--h2_typography-text-transform);--awb-caption-title-line-height:var(--h2_typography-line-height);--awb-caption-title-letter-spacing:var(--h2_typography-letter-spacing);\"><span class=\" fusion-imageframe imageframe-none imageframe-2 hover-type-none\"><img decoding=\"async\" width=\"231\" height=\"121\" title=\"flat-wire\" src=\"https:\/\/www.dct.com.tr\/wp-content\/uploads\/2019\/05\/flat-wire.png\" data-orig-src=\"http:\/\/dct.com.tr\/wp-content\/uploads\/2019\/05\/flat-wire.png\" alt class=\"lazyload img-responsive wp-image-1371\" srcset=\"data:image\/svg+xml,%3Csvg%20xmlns%3D%27http%3A%2F%2Fwww.w3.org%2F2000%2Fsvg%27%20width%3D%27231%27%20height%3D%27121%27%20viewBox%3D%270%200%20231%20121%27%3E%3Crect%20width%3D%27231%27%20height%3D%27121%27%20fill-opacity%3D%220%22%2F%3E%3C%2Fsvg%3E\" data-srcset=\"https:\/\/www.dct.com.tr\/wp-content\/uploads\/2019\/05\/flat-wire-200x105.png 200w, https:\/\/www.dct.com.tr\/wp-content\/uploads\/2019\/05\/flat-wire.png 231w\" data-sizes=\"auto\" data-orig-sizes=\"(max-width: 1051px) 100vw, 231px\" \/><\/span><\/div><div class=\"fusion-clearfix\"><\/div><\/div><\/div><div class=\"fusion-layout-column fusion_builder_column fusion-builder-column-3 fusion_builder_column_1_5 1_5 fusion-one-fifth fusion-column-first\" style=\"--awb-bg-size:cover;width:20%;width:calc(20% - ( ( 4% ) * 0.2 ) );margin-right: 4%;\"><div class=\"fusion-column-wrapper fusion-column-has-shadow fusion-flex-column-wrapper-legacy\"><div class=\"fusion-clearfix\"><\/div><\/div><\/div><div class=\"fusion-layout-column fusion_builder_column fusion-builder-column-4 fusion_builder_column_4_5 4_5 fusion-four-fifth fusion-column-last\" style=\"--awb-bg-size:cover;width:80%;width:calc(80% - ( ( 4% ) * 0.8 ) );\"><div class=\"fusion-column-wrapper fusion-column-has-shadow fusion-flex-column-wrapper-legacy\"><div class=\"fusion-sep-clear\"><\/div><div class=\"fusion-separator fusion-full-width-sep\" style=\"margin-left: auto;margin-right: auto;margin-top:10px;margin-bottom:10px;width:100%;\"><\/div><div class=\"fusion-sep-clear\"><\/div><div class=\"fusion-text fusion-text-1\"><p><strong>Material: Low carbon steel, High carbon steel, Stainless Steel, Copper, Aluminium<\/strong><\/p>\n<p><strong>Tolerances: Thickness -\/+ 0,05 mm<\/strong><\/p>\n<p><strong>Width -\/+ 0,07 m<\/strong><\/p>\n<\/div><div class=\"fusion-clearfix\"><\/div><\/div><\/div><div class=\"fusion-layout-column fusion_builder_column fusion-builder-column-5 fusion_builder_column_1_5 1_5 fusion-one-fifth fusion-column-first\" style=\"--awb-bg-size:cover;width:20%;width:calc(20% - ( ( 4% + 4% ) * 0.2 ) );margin-right: 4%;\"><div class=\"fusion-column-wrapper fusion-column-has-shadow fusion-flex-column-wrapper-legacy\"><div class=\"fusion-clearfix\"><\/div><\/div><\/div><div class=\"fusion-layout-column fusion_builder_column fusion-builder-column-6 fusion_builder_column_2_5 2_5 fusion-two-fifth\" style=\"--awb-bg-size:cover;width:40%;width:calc(40% - ( ( 4% + 4% ) * 0.4 ) );margin-right: 4%;\"><div class=\"fusion-column-wrapper fusion-column-has-shadow fusion-flex-column-wrapper-legacy\"><div class=\"fusion-image-element in-legacy-container\" style=\"--awb-caption-title-font-family:var(--h2_typography-font-family);--awb-caption-title-font-weight:var(--h2_typography-font-weight);--awb-caption-title-font-style:var(--h2_typography-font-style);--awb-caption-title-size:var(--h2_typography-font-size);--awb-caption-title-transform:var(--h2_typography-text-transform);--awb-caption-title-line-height:var(--h2_typography-line-height);--awb-caption-title-letter-spacing:var(--h2_typography-letter-spacing);\"><span class=\" fusion-imageframe imageframe-none imageframe-3 hover-type-none\"><img decoding=\"async\" width=\"768\" height=\"576\" title=\"lama-sol\" src=\"https:\/\/www.dct.com.tr\/wp-content\/uploads\/2019\/05\/lama-sol.jpg\" data-orig-src=\"http:\/\/dct.com.tr\/wp-content\/uploads\/2019\/05\/lama-sol.jpg\" alt class=\"lazyload img-responsive wp-image-1322\" srcset=\"data:image\/svg+xml,%3Csvg%20xmlns%3D%27http%3A%2F%2Fwww.w3.org%2F2000%2Fsvg%27%20width%3D%27768%27%20height%3D%27576%27%20viewBox%3D%270%200%20768%20576%27%3E%3Crect%20width%3D%27768%27%20height%3D%27576%27%20fill-opacity%3D%220%22%2F%3E%3C%2Fsvg%3E\" data-srcset=\"https:\/\/www.dct.com.tr\/wp-content\/uploads\/2019\/05\/lama-sol-200x150.jpg 200w, https:\/\/www.dct.com.tr\/wp-content\/uploads\/2019\/05\/lama-sol-400x300.jpg 400w, https:\/\/www.dct.com.tr\/wp-content\/uploads\/2019\/05\/lama-sol-600x450.jpg 600w, https:\/\/www.dct.com.tr\/wp-content\/uploads\/2019\/05\/lama-sol.jpg 768w\" data-sizes=\"auto\" data-orig-sizes=\"(max-width: 1051px) 100vw, 600px\" \/><\/span><\/div><div class=\"fusion-sep-clear\"><\/div><div class=\"fusion-separator fusion-full-width-sep\" style=\"margin-left: auto;margin-right: auto;margin-top:10px;margin-bottom:10px;width:100%;\"><\/div><div class=\"fusion-sep-clear\"><\/div><div class=\"fusion-alert alert general alert-info fusion-alert-center awb-alert-native-link-color\" role=\"alert\"><div class=\"fusion-alert-content-wrapper\"><span class=\"alert-icon\"><i class=\"awb-icon-info-circle\" aria-hidden=\"true\"><\/i><\/span><span class=\"fusion-alert-content\"><strong>Length: 1,00 m to 3,00 m<\/strong><\/span><\/div><\/div><div class=\"fusion-clearfix\"><\/div><\/div><\/div><div class=\"fusion-layout-column fusion_builder_column fusion-builder-column-7 fusion_builder_column_2_5 2_5 fusion-two-fifth fusion-column-last\" style=\"--awb-bg-size:cover;width:40%;width:calc(40% - ( ( 4% + 4% ) * 0.4 ) );\"><div class=\"fusion-column-wrapper fusion-column-has-shadow fusion-flex-column-wrapper-legacy\"><div class=\"fusion-image-element in-legacy-container\" style=\"--awb-caption-title-font-family:var(--h2_typography-font-family);--awb-caption-title-font-weight:var(--h2_typography-font-weight);--awb-caption-title-font-style:var(--h2_typography-font-style);--awb-caption-title-size:var(--h2_typography-font-size);--awb-caption-title-transform:var(--h2_typography-text-transform);--awb-caption-title-line-height:var(--h2_typography-line-height);--awb-caption-title-letter-spacing:var(--h2_typography-letter-spacing);\"><span class=\" fusion-imageframe imageframe-none imageframe-4 hover-type-none\"><img decoding=\"async\" width=\"768\" height=\"576\" title=\"lama-sag\" src=\"https:\/\/www.dct.com.tr\/wp-content\/uploads\/2019\/05\/lama-sag.jpg\" data-orig-src=\"http:\/\/dct.com.tr\/wp-content\/uploads\/2019\/05\/lama-sag.jpg\" alt class=\"lazyload img-responsive wp-image-1323\" srcset=\"data:image\/svg+xml,%3Csvg%20xmlns%3D%27http%3A%2F%2Fwww.w3.org%2F2000%2Fsvg%27%20width%3D%27768%27%20height%3D%27576%27%20viewBox%3D%270%200%20768%20576%27%3E%3Crect%20width%3D%27768%27%20height%3D%27576%27%20fill-opacity%3D%220%22%2F%3E%3C%2Fsvg%3E\" data-srcset=\"https:\/\/www.dct.com.tr\/wp-content\/uploads\/2019\/05\/lama-sag-200x150.jpg 200w, https:\/\/www.dct.com.tr\/wp-content\/uploads\/2019\/05\/lama-sag-400x300.jpg 400w, https:\/\/www.dct.com.tr\/wp-content\/uploads\/2019\/05\/lama-sag-600x450.jpg 600w, https:\/\/www.dct.com.tr\/wp-content\/uploads\/2019\/05\/lama-sag.jpg 768w\" data-sizes=\"auto\" data-orig-sizes=\"(max-width: 1051px) 100vw, 600px\" \/><\/span><\/div><div class=\"fusion-sep-clear\"><\/div><div class=\"fusion-separator fusion-full-width-sep\" style=\"margin-left: auto;margin-right: auto;margin-top:10px;margin-bottom:10px;width:100%;\"><\/div><div class=\"fusion-sep-clear\"><\/div><div class=\"fusion-alert alert general alert-info fusion-alert-center awb-alert-native-link-color\" role=\"alert\"><div class=\"fusion-alert-content-wrapper\"><span class=\"alert-icon\"><i class=\"awb-icon-info-circle\" aria-hidden=\"true\"><\/i><\/span><span class=\"fusion-alert-content\"><strong>Coil weight: 20-2000 kgs<\/strong><\/span><\/div><\/div><div class=\"fusion-clearfix\"><\/div><\/div><\/div><\/div><\/div>\n","protected":false},"excerpt":{"rendered":"","protected":false},"author":1,"featured_media":0,"parent":0,"menu_order":30,"comment_status":"closed","ping_status":"closed","template":"100-width.php","meta":{"footnotes":""},"class_list":["post-1367","page","type-page","status-publish","hentry"],"yoast_head":"<!-- This site is optimized with the Yoast SEO plugin v27.4 - https:\/\/yoast.com\/product\/yoast-seo-wordpress\/ -->\n<title>FLAT WIRE - D\u00c7T So\u011fuk \u00c7ekme Lama | So\u011fuk Tel \u00c7ekme<\/title>\n<meta name=\"description\" content=\"\u00c7elik lamalar, a\u011f\u0131rl\u0131kl\u0131 olarak pencere ve kap\u0131 sistemlerinde kullan\u0131lan kilit mekanizmalar\u0131nda, ocak \u0131zgaralar\u0131 gibi yerlerde kullan\u0131lmaktad\u0131r.\" \/>\n<meta name=\"robots\" content=\"index, follow, max-snippet:-1, max-image-preview:large, max-video-preview:-1\" \/>\n<link rel=\"canonical\" href=\"https:\/\/www.dct.com.tr\/en\/flat-wire\/\" \/>\n<meta property=\"og:locale\" content=\"en_US\" \/>\n<meta property=\"og:type\" content=\"article\" \/>\n<meta property=\"og:title\" content=\"FLAT WIRE - D\u00c7T So\u011fuk \u00c7ekme Lama | So\u011fuk Tel \u00c7ekme\" \/>\n<meta property=\"og:description\" content=\"\u00c7elik lamalar, a\u011f\u0131rl\u0131kl\u0131 olarak pencere ve kap\u0131 sistemlerinde kullan\u0131lan kilit mekanizmalar\u0131nda, ocak \u0131zgaralar\u0131 gibi yerlerde kullan\u0131lmaktad\u0131r.\" \/>\n<meta property=\"og:url\" content=\"https:\/\/www.dct.com.tr\/en\/flat-wire\/\" \/>\n<meta property=\"og:site_name\" content=\"D\u00c7T So\u011fuk \u00c7ekme Lama | So\u011fuk Tel \u00c7ekme\" \/>\n<meta property=\"article:modified_time\" content=\"2019-08-11T20:53:15+00:00\" \/>\n<meta name=\"twitter:card\" content=\"summary_large_image\" \/>\n<meta name=\"twitter:label1\" content=\"Est. reading time\" \/>\n\t<meta name=\"twitter:data1\" content=\"7 minutes\" \/>\n<script type=\"application\/ld+json\" class=\"yoast-schema-graph\">{\"@context\":\"https:\\\/\\\/schema.org\",\"@graph\":[{\"@type\":\"WebPage\",\"@id\":\"https:\\\/\\\/www.dct.com.tr\\\/en\\\/flat-wire\\\/\",\"url\":\"https:\\\/\\\/www.dct.com.tr\\\/en\\\/flat-wire\\\/\",\"name\":\"FLAT WIRE - D\u00c7T So\u011fuk \u00c7ekme Lama | So\u011fuk Tel \u00c7ekme\",\"isPartOf\":{\"@id\":\"https:\\\/\\\/www.dct.com.tr\\\/en\\\/#website\"},\"datePublished\":\"2019-03-14T08:01:56+00:00\",\"dateModified\":\"2019-08-11T20:53:15+00:00\",\"description\":\"\u00c7elik lamalar, a\u011f\u0131rl\u0131kl\u0131 olarak pencere ve kap\u0131 sistemlerinde kullan\u0131lan kilit mekanizmalar\u0131nda, ocak \u0131zgaralar\u0131 gibi yerlerde kullan\u0131lmaktad\u0131r.\",\"breadcrumb\":{\"@id\":\"https:\\\/\\\/www.dct.com.tr\\\/en\\\/flat-wire\\\/#breadcrumb\"},\"inLanguage\":\"en-US\",\"potentialAction\":[{\"@type\":\"ReadAction\",\"target\":[\"https:\\\/\\\/www.dct.com.tr\\\/en\\\/flat-wire\\\/\"]}]},{\"@type\":\"BreadcrumbList\",\"@id\":\"https:\\\/\\\/www.dct.com.tr\\\/en\\\/flat-wire\\\/#breadcrumb\",\"itemListElement\":[{\"@type\":\"ListItem\",\"position\":1,\"name\":\"Ana sayfa\",\"item\":\"https:\\\/\\\/www.dct.com.tr\\\/en\\\/\"},{\"@type\":\"ListItem\",\"position\":2,\"name\":\"FLAT WIRE\"}]},{\"@type\":\"WebSite\",\"@id\":\"https:\\\/\\\/www.dct.com.tr\\\/en\\\/#website\",\"url\":\"https:\\\/\\\/www.dct.com.tr\\\/en\\\/\",\"name\":\"D\u00c7T So\u011fuk \u00c7ekme Lama | So\u011fuk Tel \u00c7ekme\",\"description\":\"So\u011fuk \u00c7ekme Lama | So\u011fuk Tel \u00c7ekme\",\"publisher\":{\"@id\":\"https:\\\/\\\/www.dct.com.tr\\\/en\\\/#organization\"},\"potentialAction\":[{\"@type\":\"SearchAction\",\"target\":{\"@type\":\"EntryPoint\",\"urlTemplate\":\"https:\\\/\\\/www.dct.com.tr\\\/en\\\/?s={search_term_string}\"},\"query-input\":{\"@type\":\"PropertyValueSpecification\",\"valueRequired\":true,\"valueName\":\"search_term_string\"}}],\"inLanguage\":\"en-US\"},{\"@type\":\"Organization\",\"@id\":\"https:\\\/\\\/www.dct.com.tr\\\/en\\\/#organization\",\"name\":\"D\u00c7T DEM\u0130R \u00c7EL\u0130K TEL\",\"url\":\"https:\\\/\\\/www.dct.com.tr\\\/en\\\/\",\"logo\":{\"@type\":\"ImageObject\",\"inLanguage\":\"en-US\",\"@id\":\"https:\\\/\\\/www.dct.com.tr\\\/en\\\/#\\\/schema\\\/logo\\\/image\\\/\",\"url\":\"http:\\\/\\\/dct.com.tr\\\/wp-content\\\/uploads\\\/2019\\\/05\\\/logo.png\",\"contentUrl\":\"http:\\\/\\\/dct.com.tr\\\/wp-content\\\/uploads\\\/2019\\\/05\\\/logo.png\",\"width\":170,\"height\":77,\"caption\":\"D\u00c7T DEM\u0130R \u00c7EL\u0130K TEL\"},\"image\":{\"@id\":\"https:\\\/\\\/www.dct.com.tr\\\/en\\\/#\\\/schema\\\/logo\\\/image\\\/\"}}]}<\/script>\n<!-- \/ Yoast SEO plugin. -->","yoast_head_json":{"title":"FLAT WIRE - D\u00c7T So\u011fuk \u00c7ekme Lama | So\u011fuk Tel \u00c7ekme","description":"\u00c7elik lamalar, a\u011f\u0131rl\u0131kl\u0131 olarak pencere ve kap\u0131 sistemlerinde kullan\u0131lan kilit mekanizmalar\u0131nda, ocak \u0131zgaralar\u0131 gibi yerlerde kullan\u0131lmaktad\u0131r.","robots":{"index":"index","follow":"follow","max-snippet":"max-snippet:-1","max-image-preview":"max-image-preview:large","max-video-preview":"max-video-preview:-1"},"canonical":"https:\/\/www.dct.com.tr\/en\/flat-wire\/","og_locale":"en_US","og_type":"article","og_title":"FLAT WIRE - D\u00c7T So\u011fuk \u00c7ekme Lama | So\u011fuk Tel \u00c7ekme","og_description":"\u00c7elik lamalar, a\u011f\u0131rl\u0131kl\u0131 olarak pencere ve kap\u0131 sistemlerinde kullan\u0131lan kilit mekanizmalar\u0131nda, ocak \u0131zgaralar\u0131 gibi yerlerde kullan\u0131lmaktad\u0131r.","og_url":"https:\/\/www.dct.com.tr\/en\/flat-wire\/","og_site_name":"D\u00c7T So\u011fuk \u00c7ekme Lama | So\u011fuk Tel \u00c7ekme","article_modified_time":"2019-08-11T20:53:15+00:00","twitter_card":"summary_large_image","twitter_misc":{"Est. reading time":"7 minutes"},"schema":{"@context":"https:\/\/schema.org","@graph":[{"@type":"WebPage","@id":"https:\/\/www.dct.com.tr\/en\/flat-wire\/","url":"https:\/\/www.dct.com.tr\/en\/flat-wire\/","name":"FLAT WIRE - D\u00c7T So\u011fuk \u00c7ekme Lama | So\u011fuk Tel \u00c7ekme","isPartOf":{"@id":"https:\/\/www.dct.com.tr\/en\/#website"},"datePublished":"2019-03-14T08:01:56+00:00","dateModified":"2019-08-11T20:53:15+00:00","description":"\u00c7elik lamalar, a\u011f\u0131rl\u0131kl\u0131 olarak pencere ve kap\u0131 sistemlerinde kullan\u0131lan kilit mekanizmalar\u0131nda, ocak \u0131zgaralar\u0131 gibi yerlerde kullan\u0131lmaktad\u0131r.","breadcrumb":{"@id":"https:\/\/www.dct.com.tr\/en\/flat-wire\/#breadcrumb"},"inLanguage":"en-US","potentialAction":[{"@type":"ReadAction","target":["https:\/\/www.dct.com.tr\/en\/flat-wire\/"]}]},{"@type":"BreadcrumbList","@id":"https:\/\/www.dct.com.tr\/en\/flat-wire\/#breadcrumb","itemListElement":[{"@type":"ListItem","position":1,"name":"Ana sayfa","item":"https:\/\/www.dct.com.tr\/en\/"},{"@type":"ListItem","position":2,"name":"FLAT WIRE"}]},{"@type":"WebSite","@id":"https:\/\/www.dct.com.tr\/en\/#website","url":"https:\/\/www.dct.com.tr\/en\/","name":"D\u00c7T So\u011fuk \u00c7ekme Lama | So\u011fuk Tel \u00c7ekme","description":"So\u011fuk \u00c7ekme Lama | So\u011fuk Tel \u00c7ekme","publisher":{"@id":"https:\/\/www.dct.com.tr\/en\/#organization"},"potentialAction":[{"@type":"SearchAction","target":{"@type":"EntryPoint","urlTemplate":"https:\/\/www.dct.com.tr\/en\/?s={search_term_string}"},"query-input":{"@type":"PropertyValueSpecification","valueRequired":true,"valueName":"search_term_string"}}],"inLanguage":"en-US"},{"@type":"Organization","@id":"https:\/\/www.dct.com.tr\/en\/#organization","name":"D\u00c7T DEM\u0130R \u00c7EL\u0130K TEL","url":"https:\/\/www.dct.com.tr\/en\/","logo":{"@type":"ImageObject","inLanguage":"en-US","@id":"https:\/\/www.dct.com.tr\/en\/#\/schema\/logo\/image\/","url":"http:\/\/dct.com.tr\/wp-content\/uploads\/2019\/05\/logo.png","contentUrl":"http:\/\/dct.com.tr\/wp-content\/uploads\/2019\/05\/logo.png","width":170,"height":77,"caption":"D\u00c7T DEM\u0130R \u00c7EL\u0130K TEL"},"image":{"@id":"https:\/\/www.dct.com.tr\/en\/#\/schema\/logo\/image\/"}}]}},"_links":{"self":[{"href":"https:\/\/www.dct.com.tr\/en\/wp-json\/wp\/v2\/pages\/1367","targetHints":{"allow":["GET"]}}],"collection":[{"href":"https:\/\/www.dct.com.tr\/en\/wp-json\/wp\/v2\/pages"}],"about":[{"href":"https:\/\/www.dct.com.tr\/en\/wp-json\/wp\/v2\/types\/page"}],"author":[{"embeddable":true,"href":"https:\/\/www.dct.com.tr\/en\/wp-json\/wp\/v2\/users\/1"}],"replies":[{"embeddable":true,"href":"https:\/\/www.dct.com.tr\/en\/wp-json\/wp\/v2\/comments?post=1367"}],"version-history":[{"count":6,"href":"https:\/\/www.dct.com.tr\/en\/wp-json\/wp\/v2\/pages\/1367\/revisions"}],"predecessor-version":[{"id":1425,"href":"https:\/\/www.dct.com.tr\/en\/wp-json\/wp\/v2\/pages\/1367\/revisions\/1425"}],"wp:attachment":[{"href":"https:\/\/www.dct.com.tr\/en\/wp-json\/wp\/v2\/media?parent=1367"}],"curies":[{"name":"wp","href":"https:\/\/api.w.org\/{rel}","templated":true}]}}