{"id":1356,"date":"2019-01-29T07:58:05","date_gmt":"2019-01-29T04:58:05","guid":{"rendered":"http:\/\/dct.com.tr\/kalite-ve-sertifikalar\/"},"modified":"2019-08-11T23:45:46","modified_gmt":"2019-08-11T20:45:46","slug":"quality-and-certificates","status":"publish","type":"page","link":"https:\/\/www.dct.com.tr\/en\/quality-and-certificates\/","title":{"rendered":"QUALITY AND CERTIFICATES"},"content":{"rendered":"<div class=\"fusion-fullwidth fullwidth-box fusion-builder-row-1 fusion-parallax-none nonhundred-percent-fullwidth non-hundred-percent-height-scrolling lazyload\" style=\"--awb-border-radius-top-left:0px;--awb-border-radius-top-right:0px;--awb-border-radius-bottom-right:0px;--awb-border-radius-bottom-left:0px;--awb-background-size:cover;--awb-flex-wrap:wrap;\" data-bg=\"http:\/\/dct.com.tr\/wp-content\/uploads\/2019\/05\/hakkimizda-back-6.jpg\" ><div class=\"fusion-builder-row fusion-row\"><div class=\"fusion-layout-column fusion_builder_column fusion-builder-column-0 fusion_builder_column_1_1 1_1 fusion-one-full fusion-column-first fusion-column-last fusion-column-no-min-height fusion-animated\" style=\"--awb-bg-size:cover;--awb-margin-bottom:40px;\" data-animationType=\"fadeInUp\" data-animationDuration=\"0.6\" data-animationOffset=\"top-into-view\"><div class=\"fusion-column-wrapper fusion-flex-column-wrapper-legacy\"><div class=\"fusion-title title fusion-title-1 fusion-sep-none fusion-title-center fusion-title-text fusion-title-size-two\"><h2 class=\"fusion-title-heading title-heading-center fusion-responsive-typography-calculated\" style=\"margin:0;--fontSize:35;line-height:1.5;\"><h4>Quality System<\/h4><\/h2><\/div><div class=\"fusion-text fusion-text-1\"><p><strong>Having always pursued customer satisfaction as a guide, D\u00c7T meticulously applies a quality management system that is established according to ISO 9001:2008 Quality Management Standards. Technical characteristic values of our products are determined according to their quality classes through tests carried out in our laboratories. The results obtained are presented to our customers as quality documents.<\/strong><\/p>\n<\/div><div class=\"fusion-clearfix\"><\/div><\/div><\/div><div class=\"fusion-layout-column fusion_builder_column fusion-builder-column-1 fusion_builder_column_1_2 1_2 fusion-one-half fusion-column-first fusion-animated\" style=\"--awb-bg-size:cover;width:50%;width:calc(50% - ( ( 4% ) * 0.5 ) );margin-right: 4%;\" data-animationType=\"fadeInUp\" data-animationDuration=\"0.6\" data-animationOffset=\"top-into-view\"><div class=\"fusion-column-wrapper fusion-flex-column-wrapper-legacy\"><div class=\"fusion-title title fusion-title-2 fusion-sep-none fusion-title-center fusion-title-text fusion-title-size-two\"><h2 class=\"fusion-title-heading title-heading-center fusion-responsive-typography-calculated\" style=\"margin:0;--fontSize:35;line-height:1.5;\"><h4>Certificates<\/h4><\/h2><\/div><div class=\"fusion-text fusion-text-2\"><p><strong>D\u00c7T registered its quality standards by obtaining ISO 9001 Quality Management System Certificate in 2006. Our company also cares about environmental sustainability, and holds a certificate of environmental permit for a cleaner and more livable world.<\/strong><\/p>\n<p><strong>D\u00c7T conceptualizes the importance of worker health and work safety, and takes all the necessary precautions by conducting periodic studies about environmental cleaning, work place maintenance, and prevention of work accidents in cooperation with expert consultancy firms.<\/strong><\/p>\n<\/div><div class=\"fusion-clearfix\"><\/div><\/div><\/div><div class=\"fusion-layout-column fusion_builder_column fusion-builder-column-2 fusion_builder_column_1_2 1_2 fusion-one-half fusion-column-last fusion-animated\" style=\"--awb-bg-size:cover;width:50%;width:calc(50% - ( ( 4% ) * 0.5 ) );\" data-animationType=\"fadeInUp\" data-animationDuration=\"0.6\" data-animationOffset=\"top-into-view\"><div class=\"fusion-column-wrapper fusion-flex-column-wrapper-legacy\"><div class=\"awb-gallery-wrapper awb-gallery-wrapper-1 button-span-no\"><div style=\"margin:-5px;--awb-bordersize:0px;\" class=\"fusion-gallery fusion-gallery-container fusion-grid-2 fusion-columns-total-3 fusion-gallery-layout-grid fusion-gallery-1\"><div style=\"padding:5px;\" class=\"fusion-grid-column fusion-gallery-column fusion-gallery-column-2 hover-type-none\"><div class=\"fusion-gallery-image\"><a href=\"https:\/\/www.dct.com.tr\/wp-content\/uploads\/2019\/05\/cevre-izin-belgesi.jpg\" rel=\"noreferrer\" data-rel=\"iLightbox[gallery_image_1]\" class=\"fusion-lightbox\" target=\"_self\"><img decoding=\"async\" src=\"https:\/\/www.dct.com.tr\/wp-content\/uploads\/2019\/05\/cevre-izin-belgesi.jpg\" data-orig-src=\"https:\/\/www.dct.com.tr\/wp-content\/uploads\/2019\/05\/cevre-izin-belgesi.jpg\" width=\"900\" height=\"589\" alt=\"\" title=\"cevre-izin-belgesi\" aria-label=\"cevre-izin-belgesi\" class=\"lazyload img-responsive wp-image-1071\" srcset=\"data:image\/svg+xml,%3Csvg%20xmlns%3D%27http%3A%2F%2Fwww.w3.org%2F2000%2Fsvg%27%20width%3D%27900%27%20height%3D%27589%27%20viewBox%3D%270%200%20900%20589%27%3E%3Crect%20width%3D%27900%27%20height%3D%27589%27%20fill-opacity%3D%220%22%2F%3E%3C%2Fsvg%3E\" data-srcset=\"https:\/\/www.dct.com.tr\/wp-content\/uploads\/2019\/05\/cevre-izin-belgesi-200x131.jpg 200w, https:\/\/www.dct.com.tr\/wp-content\/uploads\/2019\/05\/cevre-izin-belgesi-400x262.jpg 400w, https:\/\/www.dct.com.tr\/wp-content\/uploads\/2019\/05\/cevre-izin-belgesi-600x393.jpg 600w, https:\/\/www.dct.com.tr\/wp-content\/uploads\/2019\/05\/cevre-izin-belgesi-800x524.jpg 800w, https:\/\/www.dct.com.tr\/wp-content\/uploads\/2019\/05\/cevre-izin-belgesi.jpg 900w\" data-sizes=\"auto\" data-orig-sizes=\"(min-width: 2200px) 100vw, (min-width: 722px) 568px, (min-width: 640px) 722px, \" \/><\/a><\/div><\/div><div style=\"padding:5px;\" class=\"fusion-grid-column fusion-gallery-column fusion-gallery-column-2 hover-type-none\"><div class=\"fusion-gallery-image\"><a href=\"https:\/\/www.dct.com.tr\/wp-content\/uploads\/2019\/05\/iso-9001-tr.jpg\" rel=\"noreferrer\" data-rel=\"iLightbox[gallery_image_1]\" class=\"fusion-lightbox\" target=\"_self\"><img decoding=\"async\" src=\"https:\/\/www.dct.com.tr\/wp-content\/uploads\/2019\/05\/iso-9001-tr.jpg\" data-orig-src=\"https:\/\/www.dct.com.tr\/wp-content\/uploads\/2019\/05\/iso-9001-tr.jpg\" width=\"642\" height=\"900\" alt=\"\" title=\"iso-9001-tr\" aria-label=\"iso-9001-tr\" class=\"lazyload img-responsive wp-image-1072\" srcset=\"data:image\/svg+xml,%3Csvg%20xmlns%3D%27http%3A%2F%2Fwww.w3.org%2F2000%2Fsvg%27%20width%3D%27642%27%20height%3D%27900%27%20viewBox%3D%270%200%20642%20900%27%3E%3Crect%20width%3D%27642%27%20height%3D%27900%27%20fill-opacity%3D%220%22%2F%3E%3C%2Fsvg%3E\" data-srcset=\"https:\/\/www.dct.com.tr\/wp-content\/uploads\/2019\/05\/iso-9001-tr-200x280.jpg 200w, https:\/\/www.dct.com.tr\/wp-content\/uploads\/2019\/05\/iso-9001-tr-400x561.jpg 400w, https:\/\/www.dct.com.tr\/wp-content\/uploads\/2019\/05\/iso-9001-tr-600x841.jpg 600w, https:\/\/www.dct.com.tr\/wp-content\/uploads\/2019\/05\/iso-9001-tr.jpg 642w\" data-sizes=\"auto\" data-orig-sizes=\"(min-width: 2200px) 100vw, (min-width: 722px) 568px, (min-width: 640px) 722px, \" \/><\/a><\/div><\/div><div class=\"clearfix\"><\/div><div style=\"padding:5px;\" class=\"fusion-grid-column fusion-gallery-column fusion-gallery-column-2 hover-type-none\"><div class=\"fusion-gallery-image\"><a href=\"https:\/\/www.dct.com.tr\/wp-content\/uploads\/2019\/05\/sosyal-guvenlik-sertifika.jpg\" rel=\"noreferrer\" data-rel=\"iLightbox[gallery_image_1]\" class=\"fusion-lightbox\" target=\"_self\"><img decoding=\"async\" src=\"https:\/\/www.dct.com.tr\/wp-content\/uploads\/2019\/05\/sosyal-guvenlik-sertifika.jpg\" data-orig-src=\"https:\/\/www.dct.com.tr\/wp-content\/uploads\/2019\/05\/sosyal-guvenlik-sertifika.jpg\" width=\"900\" height=\"619\" alt=\"\" title=\"sosyal-guvenlik-sertifika\" aria-label=\"sosyal-guvenlik-sertifika\" class=\"lazyload img-responsive wp-image-1073\" srcset=\"data:image\/svg+xml,%3Csvg%20xmlns%3D%27http%3A%2F%2Fwww.w3.org%2F2000%2Fsvg%27%20width%3D%27900%27%20height%3D%27619%27%20viewBox%3D%270%200%20900%20619%27%3E%3Crect%20width%3D%27900%27%20height%3D%27619%27%20fill-opacity%3D%220%22%2F%3E%3C%2Fsvg%3E\" data-srcset=\"https:\/\/www.dct.com.tr\/wp-content\/uploads\/2019\/05\/sosyal-guvenlik-sertifika-200x138.jpg 200w, https:\/\/www.dct.com.tr\/wp-content\/uploads\/2019\/05\/sosyal-guvenlik-sertifika-400x275.jpg 400w, https:\/\/www.dct.com.tr\/wp-content\/uploads\/2019\/05\/sosyal-guvenlik-sertifika-600x413.jpg 600w, https:\/\/www.dct.com.tr\/wp-content\/uploads\/2019\/05\/sosyal-guvenlik-sertifika-800x550.jpg 800w, https:\/\/www.dct.com.tr\/wp-content\/uploads\/2019\/05\/sosyal-guvenlik-sertifika.jpg 900w\" data-sizes=\"auto\" data-orig-sizes=\"(min-width: 2200px) 100vw, (min-width: 722px) 568px, (min-width: 640px) 722px, \" \/><\/a><\/div><\/div><\/div><\/div><div class=\"fusion-clearfix\"><\/div><\/div><\/div><\/div><\/div>\n","protected":false},"excerpt":{"rendered":"","protected":false},"author":1,"featured_media":0,"parent":0,"menu_order":70,"comment_status":"closed","ping_status":"closed","template":"100-width.php","meta":{"footnotes":""},"class_list":["post-1356","page","type-page","status-publish","hentry"],"yoast_head":"<!-- This site is optimized with the Yoast SEO plugin v27.5 - https:\/\/yoast.com\/product\/yoast-seo-wordpress\/ -->\n<title>QUALITY AND CERTIFICATES - D\u00c7T So\u011fuk \u00c7ekme Lama | So\u011fuk Tel \u00c7ekme<\/title>\n<meta name=\"description\" content=\"ISO 9001 kalite sertifikas\u0131na sahip olan firmam\u0131zda sipari\u015ften \u00fcr\u00fcn teslimine kadar olan t\u00fcm s\u00fcre\u00e7te ISO kalite kurallar\u0131na uyulmaktad\u0131r.\" \/>\n<meta name=\"robots\" content=\"index, follow, max-snippet:-1, max-image-preview:large, max-video-preview:-1\" \/>\n<link rel=\"canonical\" href=\"https:\/\/www.dct.com.tr\/en\/quality-and-certificates\/\" \/>\n<meta property=\"og:locale\" content=\"en_US\" \/>\n<meta property=\"og:type\" content=\"article\" \/>\n<meta property=\"og:title\" content=\"QUALITY AND CERTIFICATES - D\u00c7T So\u011fuk \u00c7ekme Lama | So\u011fuk Tel \u00c7ekme\" \/>\n<meta property=\"og:description\" content=\"ISO 9001 kalite sertifikas\u0131na sahip olan firmam\u0131zda sipari\u015ften \u00fcr\u00fcn teslimine kadar olan t\u00fcm s\u00fcre\u00e7te ISO kalite kurallar\u0131na uyulmaktad\u0131r.\" \/>\n<meta property=\"og:url\" content=\"https:\/\/www.dct.com.tr\/en\/quality-and-certificates\/\" \/>\n<meta property=\"og:site_name\" content=\"D\u00c7T So\u011fuk \u00c7ekme Lama | So\u011fuk Tel \u00c7ekme\" \/>\n<meta property=\"article:modified_time\" content=\"2019-08-11T20:45:46+00:00\" \/>\n<meta name=\"twitter:card\" content=\"summary_large_image\" \/>\n<meta name=\"twitter:label1\" content=\"Est. reading time\" \/>\n\t<meta name=\"twitter:data1\" content=\"4 minutes\" \/>\n<script type=\"application\/ld+json\" class=\"yoast-schema-graph\">{\"@context\":\"https:\\\/\\\/schema.org\",\"@graph\":[{\"@type\":\"WebPage\",\"@id\":\"https:\\\/\\\/www.dct.com.tr\\\/en\\\/quality-and-certificates\\\/\",\"url\":\"https:\\\/\\\/www.dct.com.tr\\\/en\\\/quality-and-certificates\\\/\",\"name\":\"QUALITY AND CERTIFICATES - D\u00c7T So\u011fuk \u00c7ekme Lama | So\u011fuk Tel \u00c7ekme\",\"isPartOf\":{\"@id\":\"https:\\\/\\\/www.dct.com.tr\\\/en\\\/#website\"},\"datePublished\":\"2019-01-29T04:58:05+00:00\",\"dateModified\":\"2019-08-11T20:45:46+00:00\",\"description\":\"ISO 9001 kalite sertifikas\u0131na sahip olan firmam\u0131zda sipari\u015ften \u00fcr\u00fcn teslimine kadar olan t\u00fcm s\u00fcre\u00e7te ISO kalite kurallar\u0131na uyulmaktad\u0131r.\",\"breadcrumb\":{\"@id\":\"https:\\\/\\\/www.dct.com.tr\\\/en\\\/quality-and-certificates\\\/#breadcrumb\"},\"inLanguage\":\"en-US\",\"potentialAction\":[{\"@type\":\"ReadAction\",\"target\":[\"https:\\\/\\\/www.dct.com.tr\\\/en\\\/quality-and-certificates\\\/\"]}]},{\"@type\":\"BreadcrumbList\",\"@id\":\"https:\\\/\\\/www.dct.com.tr\\\/en\\\/quality-and-certificates\\\/#breadcrumb\",\"itemListElement\":[{\"@type\":\"ListItem\",\"position\":1,\"name\":\"Ana sayfa\",\"item\":\"https:\\\/\\\/www.dct.com.tr\\\/en\\\/\"},{\"@type\":\"ListItem\",\"position\":2,\"name\":\"QUALITY AND CERTIFICATES\"}]},{\"@type\":\"WebSite\",\"@id\":\"https:\\\/\\\/www.dct.com.tr\\\/en\\\/#website\",\"url\":\"https:\\\/\\\/www.dct.com.tr\\\/en\\\/\",\"name\":\"D\u00c7T So\u011fuk \u00c7ekme Lama | So\u011fuk Tel \u00c7ekme\",\"description\":\"So\u011fuk \u00c7ekme Lama | So\u011fuk Tel \u00c7ekme\",\"publisher\":{\"@id\":\"https:\\\/\\\/www.dct.com.tr\\\/en\\\/#organization\"},\"potentialAction\":[{\"@type\":\"SearchAction\",\"target\":{\"@type\":\"EntryPoint\",\"urlTemplate\":\"https:\\\/\\\/www.dct.com.tr\\\/en\\\/?s={search_term_string}\"},\"query-input\":{\"@type\":\"PropertyValueSpecification\",\"valueRequired\":true,\"valueName\":\"search_term_string\"}}],\"inLanguage\":\"en-US\"},{\"@type\":\"Organization\",\"@id\":\"https:\\\/\\\/www.dct.com.tr\\\/en\\\/#organization\",\"name\":\"D\u00c7T DEM\u0130R \u00c7EL\u0130K TEL\",\"url\":\"https:\\\/\\\/www.dct.com.tr\\\/en\\\/\",\"logo\":{\"@type\":\"ImageObject\",\"inLanguage\":\"en-US\",\"@id\":\"https:\\\/\\\/www.dct.com.tr\\\/en\\\/#\\\/schema\\\/logo\\\/image\\\/\",\"url\":\"http:\\\/\\\/dct.com.tr\\\/wp-content\\\/uploads\\\/2019\\\/05\\\/logo.png\",\"contentUrl\":\"http:\\\/\\\/dct.com.tr\\\/wp-content\\\/uploads\\\/2019\\\/05\\\/logo.png\",\"width\":170,\"height\":77,\"caption\":\"D\u00c7T DEM\u0130R \u00c7EL\u0130K TEL\"},\"image\":{\"@id\":\"https:\\\/\\\/www.dct.com.tr\\\/en\\\/#\\\/schema\\\/logo\\\/image\\\/\"}}]}<\/script>\n<!-- \/ Yoast SEO plugin. -->","yoast_head_json":{"title":"QUALITY AND CERTIFICATES - D\u00c7T So\u011fuk \u00c7ekme Lama | So\u011fuk Tel \u00c7ekme","description":"ISO 9001 kalite sertifikas\u0131na sahip olan firmam\u0131zda sipari\u015ften \u00fcr\u00fcn teslimine kadar olan t\u00fcm s\u00fcre\u00e7te ISO kalite kurallar\u0131na uyulmaktad\u0131r.","robots":{"index":"index","follow":"follow","max-snippet":"max-snippet:-1","max-image-preview":"max-image-preview:large","max-video-preview":"max-video-preview:-1"},"canonical":"https:\/\/www.dct.com.tr\/en\/quality-and-certificates\/","og_locale":"en_US","og_type":"article","og_title":"QUALITY AND CERTIFICATES - D\u00c7T So\u011fuk \u00c7ekme Lama | So\u011fuk Tel \u00c7ekme","og_description":"ISO 9001 kalite sertifikas\u0131na sahip olan firmam\u0131zda sipari\u015ften \u00fcr\u00fcn teslimine kadar olan t\u00fcm s\u00fcre\u00e7te ISO kalite kurallar\u0131na uyulmaktad\u0131r.","og_url":"https:\/\/www.dct.com.tr\/en\/quality-and-certificates\/","og_site_name":"D\u00c7T So\u011fuk \u00c7ekme Lama | So\u011fuk Tel \u00c7ekme","article_modified_time":"2019-08-11T20:45:46+00:00","twitter_card":"summary_large_image","twitter_misc":{"Est. reading time":"4 minutes"},"schema":{"@context":"https:\/\/schema.org","@graph":[{"@type":"WebPage","@id":"https:\/\/www.dct.com.tr\/en\/quality-and-certificates\/","url":"https:\/\/www.dct.com.tr\/en\/quality-and-certificates\/","name":"QUALITY AND CERTIFICATES - D\u00c7T So\u011fuk \u00c7ekme Lama | So\u011fuk Tel \u00c7ekme","isPartOf":{"@id":"https:\/\/www.dct.com.tr\/en\/#website"},"datePublished":"2019-01-29T04:58:05+00:00","dateModified":"2019-08-11T20:45:46+00:00","description":"ISO 9001 kalite sertifikas\u0131na sahip olan firmam\u0131zda sipari\u015ften \u00fcr\u00fcn teslimine kadar olan t\u00fcm s\u00fcre\u00e7te ISO kalite kurallar\u0131na uyulmaktad\u0131r.","breadcrumb":{"@id":"https:\/\/www.dct.com.tr\/en\/quality-and-certificates\/#breadcrumb"},"inLanguage":"en-US","potentialAction":[{"@type":"ReadAction","target":["https:\/\/www.dct.com.tr\/en\/quality-and-certificates\/"]}]},{"@type":"BreadcrumbList","@id":"https:\/\/www.dct.com.tr\/en\/quality-and-certificates\/#breadcrumb","itemListElement":[{"@type":"ListItem","position":1,"name":"Ana sayfa","item":"https:\/\/www.dct.com.tr\/en\/"},{"@type":"ListItem","position":2,"name":"QUALITY AND CERTIFICATES"}]},{"@type":"WebSite","@id":"https:\/\/www.dct.com.tr\/en\/#website","url":"https:\/\/www.dct.com.tr\/en\/","name":"D\u00c7T So\u011fuk \u00c7ekme Lama | So\u011fuk Tel \u00c7ekme","description":"So\u011fuk \u00c7ekme Lama | So\u011fuk Tel \u00c7ekme","publisher":{"@id":"https:\/\/www.dct.com.tr\/en\/#organization"},"potentialAction":[{"@type":"SearchAction","target":{"@type":"EntryPoint","urlTemplate":"https:\/\/www.dct.com.tr\/en\/?s={search_term_string}"},"query-input":{"@type":"PropertyValueSpecification","valueRequired":true,"valueName":"search_term_string"}}],"inLanguage":"en-US"},{"@type":"Organization","@id":"https:\/\/www.dct.com.tr\/en\/#organization","name":"D\u00c7T DEM\u0130R \u00c7EL\u0130K TEL","url":"https:\/\/www.dct.com.tr\/en\/","logo":{"@type":"ImageObject","inLanguage":"en-US","@id":"https:\/\/www.dct.com.tr\/en\/#\/schema\/logo\/image\/","url":"http:\/\/dct.com.tr\/wp-content\/uploads\/2019\/05\/logo.png","contentUrl":"http:\/\/dct.com.tr\/wp-content\/uploads\/2019\/05\/logo.png","width":170,"height":77,"caption":"D\u00c7T DEM\u0130R \u00c7EL\u0130K TEL"},"image":{"@id":"https:\/\/www.dct.com.tr\/en\/#\/schema\/logo\/image\/"}}]}},"_links":{"self":[{"href":"https:\/\/www.dct.com.tr\/en\/wp-json\/wp\/v2\/pages\/1356","targetHints":{"allow":["GET"]}}],"collection":[{"href":"https:\/\/www.dct.com.tr\/en\/wp-json\/wp\/v2\/pages"}],"about":[{"href":"https:\/\/www.dct.com.tr\/en\/wp-json\/wp\/v2\/types\/page"}],"author":[{"embeddable":true,"href":"https:\/\/www.dct.com.tr\/en\/wp-json\/wp\/v2\/users\/1"}],"replies":[{"embeddable":true,"href":"https:\/\/www.dct.com.tr\/en\/wp-json\/wp\/v2\/comments?post=1356"}],"version-history":[{"count":4,"href":"https:\/\/www.dct.com.tr\/en\/wp-json\/wp\/v2\/pages\/1356\/revisions"}],"predecessor-version":[{"id":1423,"href":"https:\/\/www.dct.com.tr\/en\/wp-json\/wp\/v2\/pages\/1356\/revisions\/1423"}],"wp:attachment":[{"href":"https:\/\/www.dct.com.tr\/en\/wp-json\/wp\/v2\/media?parent=1356"}],"curies":[{"name":"wp","href":"https:\/\/api.w.org\/{rel}","templated":true}]}}